{"id":112,"date":"2021-11-11T20:29:23","date_gmt":"2021-11-11T20:29:23","guid":{"rendered":"http:\/\/www.apartamencikkoscielisko.pl\/?page_id=112"},"modified":"2024-10-07T08:59:49","modified_gmt":"2024-10-07T08:59:49","slug":"opis","status":"publish","type":"page","link":"https:\/\/www.apartamencikkoscielisko.pl\/?page_id=112","title":{"rendered":"Opis"},"content":{"rendered":"\n<p>Apartamencik Ko\u015bcielisko \u2013 idealna baza wypadowa dla amator\u00f3w w\u0119dr\u00f3wek g\u00f3rskich.<br>Z dala od zgie\u0142ku zakopia\u0144skiego deptaka, a jednocze\u015bnie blisko g\u00f3rskich szlak\u00f3w.<\/p>\n\n\n\n<p>Apartament mie\u015bci si\u0119 w urokliwym Ko\u015bcielisku, na pierwszym pi\u0119trze domu turystycznego w otoczeniu drzew.<br>Obok budynku znajduje si\u0119 og\u00f3lnodost\u0119pny parking.<\/p>\n\n\n\n<p>Do dyspozycji go\u015bci oddajemy <strong>2 osobowy pok\u00f3j z aneksem kuchennym i \u0142azienk\u0105.<\/strong><\/p>\n\n\n\n<figure class=\"wp-block-gallery columns-2 is-cropped wp-block-gallery-1 is-layout-flex wp-block-gallery-is-layout-flex\"><ul class=\"blocks-gallery-grid\"><li class=\"blocks-gallery-item\"><figure><img fetchpriority=\"high\" decoding=\"async\" width=\"900\" height=\"675\" src=\"https:\/\/www.apartamencikkoscielisko.pl\/wp-content\/uploads\/2021\/12\/pokoj-900.jpg\" alt=\"\" data-id=\"234\" class=\"wp-image-234\" srcset=\"https:\/\/www.apartamencikkoscielisko.pl\/wp-content\/uploads\/2021\/12\/pokoj-900.jpg 900w, https:\/\/www.apartamencikkoscielisko.pl\/wp-content\/uploads\/2021\/12\/pokoj-900-300x225.jpg 300w, https:\/\/www.apartamencikkoscielisko.pl\/wp-content\/uploads\/2021\/12\/pokoj-900-768x576.jpg 768w, https:\/\/www.apartamencikkoscielisko.pl\/wp-content\/uploads\/2021\/12\/pokoj-900-80x60.jpg 80w\" sizes=\"(max-width: 900px) 100vw, 900px\" \/><\/figure><\/li><li class=\"blocks-gallery-item\"><figure><img decoding=\"async\" width=\"900\" height=\"675\" src=\"https:\/\/www.apartamencikkoscielisko.pl\/wp-content\/uploads\/2021\/12\/lazienka-900.jpg\" alt=\"\" data-id=\"235\" data-full-url=\"https:\/\/www.apartamencikkoscielisko.pl\/wp-content\/uploads\/2021\/12\/lazienka-900.jpg\" data-link=\"https:\/\/www.apartamencikkoscielisko.pl\/?attachment_id=235\" class=\"wp-image-235\" srcset=\"https:\/\/www.apartamencikkoscielisko.pl\/wp-content\/uploads\/2021\/12\/lazienka-900.jpg 900w, https:\/\/www.apartamencikkoscielisko.pl\/wp-content\/uploads\/2021\/12\/lazienka-900-300x225.jpg 300w, https:\/\/www.apartamencikkoscielisko.pl\/wp-content\/uploads\/2021\/12\/lazienka-900-768x576.jpg 768w, https:\/\/www.apartamencikkoscielisko.pl\/wp-content\/uploads\/2021\/12\/lazienka-900-80x60.jpg 80w\" sizes=\"(max-width: 900px) 100vw, 900px\" \/><\/figure><\/li><\/ul><\/figure>\n\n\n\n<p>Wyposa\u017cenie apartamentu:<br>Cz\u0119\u015b\u0107 wypoczynkowa: \u0142\u00f3\u017cko ma\u0142\u017ce\u0144skie z po\u015bciel\u0105, st\u00f3\u0142 + 2 krzes\u0142a, szafa ubraniowa, szafka nocna<br>Aneks kuchenny: lod\u00f3wka, kuchenka z 2 palnikami, kuchenka mikrofalowa, czajnik elektryczny, niezb\u0119dne sztu\u0107ce i naczynia<br>\u0141azienka: kabina prysznicowa, WC, umywalka, suszarka do w\u0142os\u00f3w, r\u0119czniki<\/p>\n\n\n\n<p>Okolica:<br>Zaledwie 1 km od apartamentu znajduje si\u0119 Dolina Ko\u015bcieliska, Dolina Ma\u0142ej \u0141\u0105ki i szlak na Przys\u0142op Mi\u0119tusi.<br>W 4 minuty (3 km) dojedziemy do Doliny Chocho\u0142owskiej. Do centrum Zakopanego i Krup\u00f3wek 7 km.<\/p>\n","protected":false},"excerpt":{"rendered":"<p>Apartamencik Ko\u015bcielisko \u2013 idealna baza wypadowa dla amator\u00f3w w\u0119dr\u00f3wek g\u00f3rskich.Z dala od zgie\u0142ku zakopia\u0144skiego deptaka, a jednocze\u015bnie blisko g\u00f3rskich szlak\u00f3w. Apartament mie\u015bci si\u0119 w urokliwym &hellip; <\/p>\n","protected":false},"author":1,"featured_media":0,"parent":0,"menu_order":0,"comment_status":"closed","ping_status":"closed","template":"","meta":{"footnotes":""},"class_list":["post-112","page","type-page","status-publish","hentry","latest_post"],"_links":{"self":[{"href":"https:\/\/www.apartamencikkoscielisko.pl\/index.php?rest_route=\/wp\/v2\/pages\/112"}],"collection":[{"href":"https:\/\/www.apartamencikkoscielisko.pl\/index.php?rest_route=\/wp\/v2\/pages"}],"about":[{"href":"https:\/\/www.apartamencikkoscielisko.pl\/index.php?rest_route=\/wp\/v2\/types\/page"}],"author":[{"embeddable":true,"href":"https:\/\/www.apartamencikkoscielisko.pl\/index.php?rest_route=\/wp\/v2\/users\/1"}],"replies":[{"embeddable":true,"href":"https:\/\/www.apartamencikkoscielisko.pl\/index.php?rest_route=%2Fwp%2Fv2%2Fcomments&post=112"}],"version-history":[{"count":11,"href":"https:\/\/www.apartamencikkoscielisko.pl\/index.php?rest_route=\/wp\/v2\/pages\/112\/revisions"}],"predecessor-version":[{"id":241,"href":"https:\/\/www.apartamencikkoscielisko.pl\/index.php?rest_route=\/wp\/v2\/pages\/112\/revisions\/241"}],"wp:attachment":[{"href":"https:\/\/www.apartamencikkoscielisko.pl\/index.php?rest_route=%2Fwp%2Fv2%2Fmedia&parent=112"}],"curies":[{"name":"wp","href":"https:\/\/api.w.org\/{rel}","templated":true}]}}