{"id":67,"date":"2021-11-10T18:23:32","date_gmt":"2021-11-10T18:23:32","guid":{"rendered":"http:\/\/www.apartamencikkoscielisko.pl\/?page_id=67"},"modified":"2021-11-14T17:34:10","modified_gmt":"2021-11-14T17:34:10","slug":"lokalizacja","status":"publish","type":"page","link":"https:\/\/www.apartamencikkoscielisko.pl\/?page_id=67","title":{"rendered":"Kontakt"},"content":{"rendered":"\n<p>Telefon kontaktowy: 501 599 394<br>E-mail:\u00a0<a rel=\"noreferrer noopener\" href=\"mailto:kontakt@apartamencikkoscielisko.pl\" target=\"_blank\">kontakt@apartamencikkoscielisko.pl<\/a><br>Adres: ul. Strzelc\u00f3w Podhala\u0144skich 34 lok. 5d, Ko\u015bcielisko<\/p>\n\n\n\n<iframe src=\"https:\/\/www.google.com\/maps\/embed?pb=!1m18!1m12!1m3!1d2602.9408468607476!2d19.876101851438825!3d49.27751807895579!2m3!1f0!2f0!3f0!3m2!1i1024!2i768!4f13.1!3m3!1m2!1s0x471592cc4f6d2635%3A0x5eb8e73dcf9a7b74!2sStrzelc%C3%B3w%20Podhala%C5%84skich%2034%2C%2034-511%20Ko%C5%9Bcielisko!5e0!3m2!1spl!2spl!4v1636569703666!5m2!1spl!2spl\" width=\"600\" height=\"450\" style=\"border:0;\" allowfullscreen=\"\" loading=\"lazy\"><\/iframe>\n\n\n\n<p><\/p>\n","protected":false},"excerpt":{"rendered":"<p>Telefon kontaktowy: 501 599 394E-mail:\u00a0kontakt@apartamencikkoscielisko.plAdres: ul. Strzelc\u00f3w Podhala\u0144skich 34 lok. 5d, Ko\u015bcielisko<\/p>\n","protected":false},"author":1,"featured_media":0,"parent":0,"menu_order":0,"comment_status":"closed","ping_status":"closed","template":"","meta":{"footnotes":""},"class_list":["post-67","page","type-page","status-publish","hentry","latest_post"],"_links":{"self":[{"href":"https:\/\/www.apartamencikkoscielisko.pl\/index.php?rest_route=\/wp\/v2\/pages\/67"}],"collection":[{"href":"https:\/\/www.apartamencikkoscielisko.pl\/index.php?rest_route=\/wp\/v2\/pages"}],"about":[{"href":"https:\/\/www.apartamencikkoscielisko.pl\/index.php?rest_route=\/wp\/v2\/types\/page"}],"author":[{"embeddable":true,"href":"https:\/\/www.apartamencikkoscielisko.pl\/index.php?rest_route=\/wp\/v2\/users\/1"}],"replies":[{"embeddable":true,"href":"https:\/\/www.apartamencikkoscielisko.pl\/index.php?rest_route=%2Fwp%2Fv2%2Fcomments&post=67"}],"version-history":[{"count":15,"href":"https:\/\/www.apartamencikkoscielisko.pl\/index.php?rest_route=\/wp\/v2\/pages\/67\/revisions"}],"predecessor-version":[{"id":183,"href":"https:\/\/www.apartamencikkoscielisko.pl\/index.php?rest_route=\/wp\/v2\/pages\/67\/revisions\/183"}],"wp:attachment":[{"href":"https:\/\/www.apartamencikkoscielisko.pl\/index.php?rest_route=%2Fwp%2Fv2%2Fmedia&parent=67"}],"curies":[{"name":"wp","href":"https:\/\/api.w.org\/{rel}","templated":true}]}}